{"id":907,"date":"2019-06-11T09:41:47","date_gmt":"2019-06-11T07:41:47","guid":{"rendered":"http:\/\/www.pujol.net\/corporate\/"},"modified":"2021-02-17T15:59:43","modified_gmt":"2021-02-17T14:59:43","slug":"corporate","status":"publish","type":"page","link":"https:\/\/www.pujol.com\/it\/corporate\/","title":{"rendered":"Corporate"},"content":{"rendered":"<div class=\"wpb-content-wrapper\"><p>[vc_row css_animation=&#8221;&#8221; row_type=&#8221;row&#8221; use_row_as_full_screen_section=&#8221;no&#8221; type=&#8221;full_width&#8221; angled_section=&#8221;yes&#8221; angled_section_position=&#8221;bottom&#8221; angled_section_direction=&#8221;from_right_to_left&#8221; text_align=&#8221;left&#8221; background_image_as_pattern=&#8221;without_pattern&#8221; background_color=&#8221;#f2f2f2&#8243; z_index=&#8221;&#8221; css=&#8221;.vc_custom_1560252813151{margin-bottom: 5px !important;}&#8221;][vc_column][vc_empty_space][vc_empty_space][vc_row_inner row_type=&#8221;row&#8221; type=&#8221;grid&#8221; text_align=&#8221;left&#8221; css_animation=&#8221;&#8221;][vc_column_inner width=&#8221;1\/2&#8243;][vc_empty_space][vc_empty_space][vc_column_text]<\/p>\n<h1>Pujol \u00e8 uno dei marchi del<span style=\"color: #a10b3d;\">\u00a0Gruppo Teco<\/span><\/h1>\n<p>[\/vc_column_text][vc_empty_space][vc_column_text]<\/p>\n<h2>ENTRANDO A FAR PARTE DI UNO DEI PI\u00d9 IMPORTANTI GRUPPI INDUSTRIALI DEL MONDO<\/h2>\n<p>[\/vc_column_text][vc_empty_space][vc_column_text]L&#8217;origine di PUJOL risale al 1918, ma \u00e8 nel 1965 che il marchio Pujol viene registrato con la sua prima gamma di riduttori standard.<\/p>\n<p>&nbsp;<\/p>\n<p>La proiezione internazionale di PUJOL, ha orientato la sua sensibilit\u00e0 commerciale verso soluzioni tecnologiche che supportano l&#8217;intelligenza creativa di ingegneri, progettisti e industrie di tutte le attivit\u00e0 industriali.<\/p>\n<p>&nbsp;<\/p>\n<p>Oggi PUJOL, \u00e8 uno dei <strong>marchi del gruppo TECO<\/strong>, entrando a far parte di <strong>uno dei pi\u00f9 importanti gruppi industriali del mondo<\/strong>, completato da un portafoglio prodotti, con capacit\u00e0 di offrire soluzioni complete e integrate, sia sulle funzioni del motoriduttore che sul controllo.<\/p>\n<p>&nbsp;<\/p>\n<p>In PUJOL, produciamo <strong>riduttori<\/strong>, <strong>motoriduttori<\/strong> ed <strong>elementi<\/strong> <strong>di trasmissione standardizzati<\/strong>, sotto un processo di miglioramento continuo e basato sui pi\u00f9 alti parametri tecnologici ed efficienti disponibili, dove, inoltre, viene data sempre priorit\u00e0 <strong>all&#8217;affidabilit\u00e0<\/strong> del prodotto e mettendo la <strong>qualit\u00e0<\/strong> del processo di fabbricazione al primo posto, come filosofia di progettazione.<\/p>\n<p>&nbsp;<\/p>\n<p>Il punto focale dell&#8217;azienda sono i loro dipartimenti di investigazione e sviluppo, che insieme al dipartimento di Marketing e Vendite, si adattano e sviluppano insieme a <strong>soluzioni che permettono di soddisfare nuove e sempre mutevoli esigenze dei diversi mercati industriali<\/strong>.<\/p>\n<p>&nbsp;<\/p>\n<p>I pezzi lavorati sono prodotti in macchine da taglio, rettificatrici, centri di lavoro orizzontali e verticali, celle di fabbricazione flessibile, forni di trattamento termico e rettificatrici universali. L&#8217;affidabilit\u00e0 di tutti i processi \u00e8 garantita dal reparto di Qualit\u00e0 e Controllo, dotato di macchine tridimensionali, in grado di verificare con estrema precisione la finitura dei componenti. I banchi di prova, per la verifica e la sperimentazione, garantiscono le prestazioni e le qualit\u00e0 tecnologiche finali.[\/vc_column_text][vc_empty_space][\/vc_column_inner][vc_column_inner width=&#8221;1\/2&#8243;][vc_empty_space][vc_empty_space][vc_single_image image=&#8221;400&#8243; img_size=&#8221;full&#8221; qode_css_animation=&#8221;&#8221;][vc_empty_space][vc_single_image image=&#8221;739&#8243; img_size=&#8221;full&#8221; alignment=&#8221;center&#8221; qode_css_animation=&#8221;&#8221;][\/vc_column_inner][\/vc_row_inner][vc_empty_space][vc_empty_space][\/vc_column][\/vc_row][vc_row css_animation=&#8221;&#8221; row_type=&#8221;row&#8221; use_row_as_full_screen_section=&#8221;no&#8221; type=&#8221;grid&#8221; angled_section=&#8221;yes&#8221; angled_section_position=&#8221;bottom&#8221; angled_section_direction=&#8221;from_left_to_right&#8221; text_align=&#8221;left&#8221; background_image_as_pattern=&#8221;without_pattern&#8221; background_color=&#8221;#e1e1e1&#8243; css=&#8221;.vc_custom_1560253149413{border-bottom-width: 5px !important;background-color: #e1e1e1 !important;border-bottom-color: #ffffff !important;border-bottom-style: solid !important;}&#8221; z_index=&#8221;&#8221;][vc_column offset=&#8221;vc_hidden-lg vc_hidden-md vc_hidden-sm vc_hidden-xs&#8221;][vc_empty_space][vc_empty_space][vc_empty_space][vc_empty_space][vc_row_inner row_type=&#8221;row&#8221; type=&#8221;grid&#8221; text_align=&#8221;center&#8221; css_animation=&#8221;&#8221;][vc_column_inner width=&#8221;1\/2&#8243;][vc_single_image image=&#8221;724&#8243; img_size=&#8221;500&#215;561&#8243; alignment=&#8221;center&#8221; qode_css_animation=&#8221;&#8221;][vc_empty_space][vc_column_text]<\/p>\n<h1 style=\"text-align: center;\"><span style=\"color: #a10b3d;\">MISSION<\/span><\/h1>\n<p>[\/vc_column_text][vc_empty_space][vc_column_text css=&#8221;.vc_custom_1585666558849{padding-right: 20% !important;padding-left: 20% !important;}&#8221;]<\/p>\n<h4 style=\"text-align: center;\">Lavoriamo ogni giorno per essere un\u2019azienda sicura ed etica ai vertici della sua categoria e soddisfare le esigenze degli stakeholder, prestando particolare attenzione ai seguenti aspetti:<\/h4>\n<p>[\/vc_column_text][vc_empty_space][vc_empty_space][\/vc_column_inner][vc_column_inner width=&#8221;1\/2&#8243;][vc_single_image image=&#8221;720&#8243; img_size=&#8221;500&#215;561&#8243; alignment=&#8221;center&#8221; qode_css_animation=&#8221;&#8221;][vc_empty_space][vc_column_text]<\/p>\n<h1 style=\"text-align: center;\"><span style=\"color: #a10b3d;\">VISION<\/span><\/h1>\n<p>[\/vc_column_text][vc_empty_space][vc_column_text css=&#8221;.vc_custom_1585666598127{padding-right: 20% !important;padding-left: 20% !important;}&#8221;]<\/p>\n<h4 style=\"text-align: center;\">Vogliamo affermarci come fornitore di sistemi di trasmissione meccatronici a livello globale e mettere a disposizione soluzioni e servizi competitivi e di qualit\u00e0 per clienti e partner in tutto il mondo.<\/h4>\n<p>[\/vc_column_text][vc_empty_space][vc_column_text css=&#8221;.vc_custom_1585664283684{padding-right: 20% !important;padding-left: 20% !important;}&#8221;]<\/p>\n<h4 style=\"text-align: center;\">Furthermore, our company aims to communicate its business fundamentals, and everything they represent, with transparency, simplicity and determination.<\/h4>\n<p>[\/vc_column_text][vc_empty_space][\/vc_column_inner][\/vc_row_inner][vc_row_inner row_type=&#8221;row&#8221; type=&#8221;grid&#8221; text_align=&#8221;left&#8221; css_animation=&#8221;&#8221;][vc_column_inner width=&#8221;1\/2&#8243;][\/vc_column_inner][vc_column_inner width=&#8221;1\/2&#8243;][\/vc_column_inner][\/vc_row_inner][\/vc_column][\/vc_row][vc_row css_animation=&#8221;&#8221; row_type=&#8221;row&#8221; use_row_as_full_screen_section=&#8221;no&#8221; type=&#8221;full_width&#8221; angled_section=&#8221;no&#8221; text_align=&#8221;left&#8221; background_image_as_pattern=&#8221;without_pattern&#8221; background_color=&#8221;#f6f6f6&#8243; z_index=&#8221;&#8221;][vc_column offset=&#8221;vc_hidden-lg vc_hidden-md vc_hidden-sm vc_hidden-xs&#8221;][vc_empty_space][vc_empty_space][vc_empty_space][vc_row_inner row_type=&#8221;row&#8221; type=&#8221;grid&#8221; text_align=&#8221;left&#8221; css_animation=&#8221;&#8221;][vc_column_inner css=&#8221;.vc_custom_1560242947884{padding-right: 20% !important;padding-left: 20% !important;}&#8221;][vc_empty_space][vc_column_text]<\/p>\n<h1 style=\"text-align: center;\"><span style=\"color: #a10b3d;\">VALUES<\/span><\/h1>\n<p>[\/vc_column_text][vc_empty_space][\/vc_column_inner][\/vc_row_inner][vc_row_inner row_type=&#8221;row&#8221; type=&#8221;grid&#8221; text_align=&#8221;left&#8221; css_animation=&#8221;&#8221;][vc_column_inner css=&#8221;.vc_custom_1560242947884{padding-right: 20% !important;padding-left: 20% !important;}&#8221;][vc_column_text]<\/p>\n<h4 style=\"text-align: center;\">Innovation, quality, ethics and service are the values on which Pujol&#8217;s corporate philosophy is based.<\/h4>\n<h4 style=\"text-align: center;\">They are inspiration for anyone who is part of our world and guide us in our daily professional life<\/h4>\n<p>[\/vc_column_text][\/vc_column_inner][\/vc_row_inner][vc_empty_space][vc_empty_space][vc_row_inner row_type=&#8221;row&#8221; type=&#8221;full_width&#8221; text_align=&#8221;left&#8221; css_animation=&#8221;&#8221;][vc_column_inner width=&#8221;1\/6&#8243;][\/vc_column_inner][vc_column_inner width=&#8221;1\/6&#8243;][vc_single_image image=&#8221;121&#8243; img_size=&#8221;161&#215;161&#8243; qode_css_animation=&#8221;&#8221;][vc_empty_space height=&#8221;15px&#8221;][vc_column_text]<\/p>\n<h2 style=\"text-align: left;\"><span style=\"color: #a10b3d;\">INNOVATION<\/span><\/h2>\n<p>[\/vc_column_text][vc_empty_space height=&#8221;15px&#8221;][vc_column_text]WE ARE CURIOUS!<br \/>\nWe conduct our work with passion and are continuously improving.<\/p>\n<p>&nbsp;<\/p>\n<p>WE ARE PROACTIVE!<br \/>\nWe share and listen to ideas and solutions of our colleagues.[\/vc_column_text][\/vc_column_inner][vc_column_inner width=&#8221;1\/6&#8243;][vc_single_image image=&#8221;124&#8243; img_size=&#8221;161&#215;161&#8243; qode_css_animation=&#8221;&#8221;][vc_empty_space height=&#8221;15px&#8221;][vc_column_text]<\/p>\n<h2 style=\"text-align: left;\"><span style=\"color: #a10b3d;\">QUALITY<\/span><\/h2>\n<p>[\/vc_column_text][vc_empty_space height=&#8221;15px&#8221;][vc_column_text]WE EMPHATIZE!<br \/>\nWe strive to understand and satisfy our customer needs.<\/p>\n<p>&nbsp;<\/p>\n<p>WE ARE FLEXIBLE!<br \/>\nWe improve processes and tools and demonstrate a willingness to change[\/vc_column_text][\/vc_column_inner][vc_column_inner width=&#8221;1\/6&#8243;][vc_single_image image=&#8221;123&#8243; img_size=&#8221;161&#215;161&#8243; qode_css_animation=&#8221;&#8221;][vc_empty_space height=&#8221;15px&#8221;][vc_column_text]<\/p>\n<h2 style=\"text-align: left;\"><span style=\"color: #a10b3d;\">ETHIC<\/span><\/h2>\n<p>[\/vc_column_text][vc_empty_space height=&#8221;15px&#8221;][vc_column_text]WE ARE ACCOUNTABLE!<br \/>\nPassion, commitment and accountability are our characteristics.<br \/>\n[\/vc_column_text][\/vc_column_inner][vc_column_inner width=&#8221;1\/6&#8243;][vc_single_image image=&#8221;122&#8243; img_size=&#8221;161&#215;161&#8243; qode_css_animation=&#8221;&#8221;][vc_empty_space height=&#8221;15px&#8221;][vc_column_text]<\/p>\n<h2 style=\"text-align: left;\"><span style=\"color: #a10b3d;\">SERVICE<\/span><\/h2>\n<p>[\/vc_column_text][vc_empty_space height=&#8221;15px&#8221;][vc_column_text]WE ARE THOROUGH!<br \/>\nWe are dedicated to customer service and value the importance of our work.[\/vc_column_text][\/vc_column_inner][vc_column_inner width=&#8221;1\/6&#8243;][\/vc_column_inner][\/vc_row_inner][vc_empty_space][vc_empty_space][\/vc_column][\/vc_row][vc_row css_animation=&#8221;&#8221; row_type=&#8221;row&#8221; use_row_as_full_screen_section=&#8221;no&#8221; type=&#8221;full_width&#8221; angled_section=&#8221;no&#8221; text_align=&#8221;left&#8221; background_image_as_pattern=&#8221;without_pattern&#8221;][vc_column][vc_column_text]<\/p>\n<div id=\"home-fixed-button\"><img decoding=\"async\" src=\"\/content\/themes\/site\/img\/button-mymotovario.jpg\" \/><\/div>\n<p>[\/vc_column_text][\/vc_column][\/vc_row][vc_row css_animation=&#8221;&#8221; row_type=&#8221;row&#8221; use_row_as_full_screen_section=&#8221;no&#8221; type=&#8221;grid&#8221; angled_section=&#8221;no&#8221; text_align=&#8221;left&#8221; background_image_as_pattern=&#8221;without_pattern&#8221; z_index=&#8221;&#8221;][vc_column][\/vc_column][\/vc_row]<\/p>\n<\/div>","protected":false},"excerpt":{"rendered":"<p>[vc_row css_animation=&#8221;&#8221; row_type=&#8221;row&#8221; use_row_as_full_screen_section=&#8221;no&#8221; type=&#8221;full_width&#8221; angled_section=&#8221;yes&#8221; angled_section_position=&#8221;bottom&#8221; angled_section_direction=&#8221;from_right_to_left&#8221; text_align=&#8221;left&#8221; background_image_as_pattern=&#8221;without_pattern&#8221; background_color=&#8221;#f2f2f2&#8243; z_index=&#8221;&#8221; css=&#8221;.vc_custom_1560252813151{margin-bottom: 5px !important;}&#8221;][vc_column][vc_empty_space][vc_empty_space][vc_row_inner row_type=&#8221;row&#8221; type=&#8221;grid&#8221; text_align=&#8221;left&#8221; css_animation=&#8221;&#8221;][vc_column_inner width=&#8221;1\/2&#8243;][vc_empty_space][vc_empty_space][vc_column_text] Pujol \u00e8 uno dei marchi del\u00a0Gruppo Teco [\/vc_column_text][vc_empty_space][vc_column_text] ENTRANDO A FAR PARTE DI UNO DEI PI\u00d9 IMPORTANTI GRUPPI INDUSTRIALI DEL MONDO [\/vc_column_text][vc_empty_space][vc_column_text]L&#8217;origine di PUJOL risale&#8230;<\/p>\n","protected":false},"author":1,"featured_media":0,"parent":0,"menu_order":0,"comment_status":"closed","ping_status":"closed","template":"full_width.php","meta":{"_acf_changed":false,"inline_featured_image":false,"footnotes":""},"class_list":["post-907","page","type-page","status-publish","hentry"],"acf":[],"_links":{"self":[{"href":"https:\/\/www.pujol.com\/it\/wp-json\/wp\/v2\/pages\/907"}],"collection":[{"href":"https:\/\/www.pujol.com\/it\/wp-json\/wp\/v2\/pages"}],"about":[{"href":"https:\/\/www.pujol.com\/it\/wp-json\/wp\/v2\/types\/page"}],"author":[{"embeddable":true,"href":"https:\/\/www.pujol.com\/it\/wp-json\/wp\/v2\/users\/1"}],"replies":[{"embeddable":true,"href":"https:\/\/www.pujol.com\/it\/wp-json\/wp\/v2\/comments?post=907"}],"version-history":[{"count":2,"href":"https:\/\/www.pujol.com\/it\/wp-json\/wp\/v2\/pages\/907\/revisions"}],"predecessor-version":[{"id":1069,"href":"https:\/\/www.pujol.com\/it\/wp-json\/wp\/v2\/pages\/907\/revisions\/1069"}],"wp:attachment":[{"href":"https:\/\/www.pujol.com\/it\/wp-json\/wp\/v2\/media?parent=907"}],"curies":[{"name":"wp","href":"https:\/\/api.w.org\/{rel}","templated":true}]}}